{"id":789,"date":"2023-05-11T15:11:52","date_gmt":"2023-05-11T14:11:52","guid":{"rendered":"https:\/\/molduraria.pt\/?page_id=789"},"modified":"2023-05-11T20:52:10","modified_gmt":"2023-05-11T19:52:10","slug":"fotos-para-teste","status":"publish","type":"page","link":"https:\/\/molduraria.pt\/en\/fotos-para-teste\/","title":{"rendered":"fotos para teste"},"content":{"rendered":"<div data-elementor-type=\"wp-page\" data-elementor-id=\"789\" class=\"elementor elementor-789\" data-elementor-post-type=\"page\">\n\t\t\t\t\t\t<section class=\"elementor-section elementor-top-section elementor-element elementor-element-e23b427 elementor-section-boxed elementor-section-height-default elementor-section-height-default\" data-id=\"e23b427\" data-element_type=\"section\">\n\t\t\t\t\t\t<div class=\"elementor-container elementor-column-gap-default\">\n\t\t\t\t\t<div class=\"elementor-column elementor-col-25 elementor-top-column elementor-element elementor-element-ad382da molduraFrontStore\" data-id=\"ad382da\" data-element_type=\"column\">\n\t\t\t<div class=\"elementor-widget-wrap elementor-element-populated\">\n\t\t\t\t\t\t<div class=\"elementor-element elementor-element-5eccb41 elementor-widget elementor-widget-image\" data-id=\"5eccb41\" data-element_type=\"widget\" data-widget_type=\"image.default\">\n\t\t\t\t<div class=\"elementor-widget-container\">\n\t\t\t\t\t\t\t\t\t\t\t\t\t\t\t\t<a href=\"https:\/\/molduraria.pt\/select\/?#stfm=1\">\n\t\t\t\t\t\t\t<img fetchpriority=\"high\" decoding=\"async\" width=\"300\" height=\"300\" src=\"https:\/\/molduraria.pt\/wp-content\/uploads\/2023\/04\/M430_short.jpg\" class=\"attachment-medium size-medium wp-image-381\" alt=\"\" srcset=\"https:\/\/molduraria.pt\/wp-content\/uploads\/2023\/04\/M430_short.jpg 300w, https:\/\/molduraria.pt\/wp-content\/uploads\/2023\/04\/M430_short-100x100.jpg 100w, https:\/\/molduraria.pt\/wp-content\/uploads\/2023\/04\/M430_short-150x150.jpg 150w\" sizes=\"(max-width: 300px) 100vw, 300px\" \/>\t\t\t\t\t\t\t\t<\/a>\n\t\t\t\t\t\t\t\t\t\t\t\t\t\t\t<\/div>\n\t\t\t\t<\/div>\n\t\t\t\t<div class=\"elementor-element elementor-element-80c68d1 elementor-widget elementor-widget-heading\" data-id=\"80c68d1\" data-element_type=\"widget\" data-widget_type=\"heading.default\">\n\t\t\t\t<div class=\"elementor-widget-container\">\n\t\t\t\t\t<h2 class=\"elementor-heading-title elementor-size-default\"><a href=\"https:\/\/molduraria.pt\/select\/?#stfm=1\">e325 Moldura impec\u00e1vel<\/a><\/h2>\t\t\t\t<\/div>\n\t\t\t\t<\/div>\n\t\t\t\t\t<\/div>\n\t\t<\/div>\n\t\t\t\t<div class=\"elementor-column elementor-col-25 elementor-top-column elementor-element elementor-element-867b7b0 molduraFrontStore\" data-id=\"867b7b0\" data-element_type=\"column\">\n\t\t\t<div class=\"elementor-widget-wrap elementor-element-populated\">\n\t\t\t\t\t\t<div class=\"elementor-element elementor-element-9a94a7d elementor-widget elementor-widget-image\" data-id=\"9a94a7d\" data-element_type=\"widget\" data-widget_type=\"image.default\">\n\t\t\t\t<div class=\"elementor-widget-container\">\n\t\t\t\t\t\t\t\t\t\t\t\t\t\t\t\t<a href=\"https:\/\/molduraria.pt\/select\/?#stfm=1\">\n\t\t\t\t\t\t\t<img fetchpriority=\"high\" decoding=\"async\" width=\"300\" height=\"300\" src=\"https:\/\/molduraria.pt\/wp-content\/uploads\/2023\/04\/M430_short.jpg\" class=\"attachment-medium size-medium wp-image-381\" alt=\"\" srcset=\"https:\/\/molduraria.pt\/wp-content\/uploads\/2023\/04\/M430_short.jpg 300w, https:\/\/molduraria.pt\/wp-content\/uploads\/2023\/04\/M430_short-100x100.jpg 100w, https:\/\/molduraria.pt\/wp-content\/uploads\/2023\/04\/M430_short-150x150.jpg 150w\" sizes=\"(max-width: 300px) 100vw, 300px\" \/>\t\t\t\t\t\t\t\t<\/a>\n\t\t\t\t\t\t\t\t\t\t\t\t\t\t\t<\/div>\n\t\t\t\t<\/div>\n\t\t\t\t<div class=\"elementor-element elementor-element-3fb6f1e elementor-widget elementor-widget-heading\" data-id=\"3fb6f1e\" data-element_type=\"widget\" data-widget_type=\"heading.default\">\n\t\t\t\t<div class=\"elementor-widget-container\">\n\t\t\t\t\t<h2 class=\"elementor-heading-title elementor-size-default\"><a href=\"https:\/\/molduraria.pt\/select\/?#stfm=1\">e325 Moldura impec\u00e1vel<\/a><\/h2>\t\t\t\t<\/div>\n\t\t\t\t<\/div>\n\t\t\t\t\t<\/div>\n\t\t<\/div>\n\t\t\t\t<div class=\"elementor-column elementor-col-25 elementor-top-column elementor-element elementor-element-6e897af molduraFrontStore\" data-id=\"6e897af\" data-element_type=\"column\">\n\t\t\t<div class=\"elementor-widget-wrap elementor-element-populated\">\n\t\t\t\t\t\t<div class=\"elementor-element elementor-element-bcff0df elementor-widget elementor-widget-image\" data-id=\"bcff0df\" data-element_type=\"widget\" data-widget_type=\"image.default\">\n\t\t\t\t<div class=\"elementor-widget-container\">\n\t\t\t\t\t\t\t\t\t\t\t\t\t\t\t\t<a href=\"https:\/\/molduraria.pt\/select\/?#stfm=1\">\n\t\t\t\t\t\t\t<img fetchpriority=\"high\" decoding=\"async\" width=\"300\" height=\"300\" src=\"https:\/\/molduraria.pt\/wp-content\/uploads\/2023\/04\/M430_short.jpg\" class=\"attachment-medium size-medium wp-image-381\" alt=\"\" srcset=\"https:\/\/molduraria.pt\/wp-content\/uploads\/2023\/04\/M430_short.jpg 300w, https:\/\/molduraria.pt\/wp-content\/uploads\/2023\/04\/M430_short-100x100.jpg 100w, https:\/\/molduraria.pt\/wp-content\/uploads\/2023\/04\/M430_short-150x150.jpg 150w\" sizes=\"(max-width: 300px) 100vw, 300px\" \/>\t\t\t\t\t\t\t\t<\/a>\n\t\t\t\t\t\t\t\t\t\t\t\t\t\t\t<\/div>\n\t\t\t\t<\/div>\n\t\t\t\t<div class=\"elementor-element elementor-element-e792708 elementor-widget elementor-widget-heading\" data-id=\"e792708\" data-element_type=\"widget\" data-widget_type=\"heading.default\">\n\t\t\t\t<div class=\"elementor-widget-container\">\n\t\t\t\t\t<h2 class=\"elementor-heading-title elementor-size-default\"><a href=\"https:\/\/molduraria.pt\/select\/?#stfm=1\">e325 Moldura impec\u00e1vel<\/a><\/h2>\t\t\t\t<\/div>\n\t\t\t\t<\/div>\n\t\t\t\t\t<\/div>\n\t\t<\/div>\n\t\t\t\t<div class=\"elementor-column elementor-col-25 elementor-top-column elementor-element elementor-element-ee0422f molduraFrontStore\" data-id=\"ee0422f\" data-element_type=\"column\">\n\t\t\t<div class=\"elementor-widget-wrap elementor-element-populated\">\n\t\t\t\t\t\t<div class=\"elementor-element elementor-element-41f319b elementor-widget elementor-widget-image\" data-id=\"41f319b\" data-element_type=\"widget\" data-widget_type=\"image.default\">\n\t\t\t\t<div class=\"elementor-widget-container\">\n\t\t\t\t\t\t\t\t\t\t\t\t\t\t\t\t<a href=\"https:\/\/molduraria.pt\/select\/?#stfm=1\">\n\t\t\t\t\t\t\t<img fetchpriority=\"high\" decoding=\"async\" width=\"300\" height=\"300\" src=\"https:\/\/molduraria.pt\/wp-content\/uploads\/2023\/04\/M430_short.jpg\" class=\"attachment-medium size-medium wp-image-381\" alt=\"\" srcset=\"https:\/\/molduraria.pt\/wp-content\/uploads\/2023\/04\/M430_short.jpg 300w, https:\/\/molduraria.pt\/wp-content\/uploads\/2023\/04\/M430_short-100x100.jpg 100w, https:\/\/molduraria.pt\/wp-content\/uploads\/2023\/04\/M430_short-150x150.jpg 150w\" sizes=\"(max-width: 300px) 100vw, 300px\" \/>\t\t\t\t\t\t\t\t<\/a>\n\t\t\t\t\t\t\t\t\t\t\t\t\t\t\t<\/div>\n\t\t\t\t<\/div>\n\t\t\t\t<div class=\"elementor-element elementor-element-9487457 elementor-widget elementor-widget-heading\" data-id=\"9487457\" data-element_type=\"widget\" data-widget_type=\"heading.default\">\n\t\t\t\t<div class=\"elementor-widget-container\">\n\t\t\t\t\t<h2 class=\"elementor-heading-title elementor-size-default\"><a href=\"https:\/\/molduraria.pt\/select\/?#stfm=1\">e325 Moldura impec\u00e1vel<\/a><\/h2>\t\t\t\t<\/div>\n\t\t\t\t<\/div>\n\t\t\t\t\t<\/div>\n\t\t<\/div>\n\t\t\t\t\t<\/div>\n\t\t<\/section>\n\t\t\t\t<section class=\"elementor-section elementor-top-section elementor-element elementor-element-7eb7f69 elementor-section-boxed elementor-section-height-default elementor-section-height-default\" data-id=\"7eb7f69\" data-element_type=\"section\">\n\t\t\t\t\t\t<div class=\"elementor-container elementor-column-gap-default\">\n\t\t\t\t\t<div class=\"elementor-column elementor-col-100 elementor-top-column elementor-element elementor-element-4c1bede\" data-id=\"4c1bede\" data-element_type=\"column\">\n\t\t\t<div class=\"elementor-widget-wrap\">\n\t\t\t\t\t\t\t<\/div>\n\t\t<\/div>\n\t\t\t\t\t<\/div>\n\t\t<\/section>\n\t\t\t\t<\/div>","protected":false},"excerpt":{"rendered":"<p>e325 Moldura impec\u00e1vel e325 Moldura impec\u00e1vel e325 Moldura impec\u00e1vel e325 Moldura impec\u00e1vel<\/p>","protected":false},"author":1,"featured_media":0,"parent":0,"menu_order":0,"comment_status":"closed","ping_status":"closed","template":"","meta":{"_themeisle_gutenberg_block_has_review":false,"footnotes":"","_links_to":"","_links_to_target":""},"class_list":["post-789","page","type-page","status-publish","hentry"],"_links":{"self":[{"href":"https:\/\/molduraria.pt\/en\/wp-json\/wp\/v2\/pages\/789","targetHints":{"allow":["GET"]}}],"collection":[{"href":"https:\/\/molduraria.pt\/en\/wp-json\/wp\/v2\/pages"}],"about":[{"href":"https:\/\/molduraria.pt\/en\/wp-json\/wp\/v2\/types\/page"}],"author":[{"embeddable":true,"href":"https:\/\/molduraria.pt\/en\/wp-json\/wp\/v2\/users\/1"}],"replies":[{"embeddable":true,"href":"https:\/\/molduraria.pt\/en\/wp-json\/wp\/v2\/comments?post=789"}],"version-history":[{"count":29,"href":"https:\/\/molduraria.pt\/en\/wp-json\/wp\/v2\/pages\/789\/revisions"}],"predecessor-version":[{"id":831,"href":"https:\/\/molduraria.pt\/en\/wp-json\/wp\/v2\/pages\/789\/revisions\/831"}],"wp:attachment":[{"href":"https:\/\/molduraria.pt\/en\/wp-json\/wp\/v2\/media?parent=789"}],"curies":[{"name":"wp","href":"https:\/\/api.w.org\/{rel}","templated":true}]}}