{"id":883,"date":"2023-05-16T17:19:10","date_gmt":"2023-05-16T16:19:10","guid":{"rendered":"https:\/\/molduraria.pt\/?page_id=883"},"modified":"2023-06-16T11:56:28","modified_gmt":"2023-06-16T10:56:28","slug":"politica-de-privacidade","status":"publish","type":"page","link":"https:\/\/molduraria.pt\/en\/politica-de-privacidade\/","title":{"rendered":"Privacy Policy"},"content":{"rendered":"<div data-elementor-type=\"wp-page\" data-elementor-id=\"883\" class=\"elementor elementor-883\" data-elementor-post-type=\"page\">\n\t\t\t\t\t\t<section class=\"elementor-section elementor-top-section elementor-element elementor-element-f06f963 elementor-section-boxed elementor-section-height-default elementor-section-height-default\" data-id=\"f06f963\" data-element_type=\"section\">\n\t\t\t\t\t\t<div class=\"elementor-container elementor-column-gap-default\">\n\t\t\t\t\t<div class=\"elementor-column elementor-col-100 elementor-top-column elementor-element elementor-element-6f99999\" data-id=\"6f99999\" data-element_type=\"column\">\n\t\t\t<div class=\"elementor-widget-wrap elementor-element-populated\">\n\t\t\t\t\t\t<section class=\"elementor-section elementor-inner-section elementor-element elementor-element-d400b29 elementor-section-boxed elementor-section-height-default elementor-section-height-default\" data-id=\"d400b29\" data-element_type=\"section\">\n\t\t\t\t\t\t<div class=\"elementor-container elementor-column-gap-default\">\n\t\t\t\t\t<div class=\"elementor-column elementor-col-100 elementor-inner-column elementor-element elementor-element-d59a7ed\" data-id=\"d59a7ed\" data-element_type=\"column\">\n\t\t\t<div class=\"elementor-widget-wrap elementor-element-populated\">\n\t\t\t\t\t\t<div class=\"elementor-element elementor-element-b04a956 elementor-widget elementor-widget-heading\" data-id=\"b04a956\" data-element_type=\"widget\" data-widget_type=\"heading.default\">\n\t\t\t\t<div class=\"elementor-widget-container\">\n\t\t\t\t\t<h2 class=\"elementor-heading-title elementor-size-default\">POL\u00cdTICA DE PRIVACIDADE<\/h2>\t\t\t\t<\/div>\n\t\t\t\t<\/div>\n\t\t\t\t<div class=\"elementor-element elementor-element-085684d justifyText elementor-widget elementor-widget-text-editor\" data-id=\"085684d\" data-element_type=\"widget\" data-widget_type=\"text-editor.default\">\n\t\t\t\t<div class=\"elementor-widget-container\">\n\t\t\t\t\t\t\t\t\t<p>A Loja Online MOLDURARIA ou simplesmente designada MOLDURARIA est\u00e1 empenhada em proteger os dados pessoais dos Clientes\/Utilizadores, tendo, neste contexto, elaborado a presente Pol\u00edtica, a qual tem subjacente o seu compromisso em respeitar a privacidade dos seus utilizadores\/clientes e informar como a sua informa\u00e7\u00e3o \u00e9 tratada.<\/p><p>Consequentemente, toda a informa\u00e7\u00e3o de natureza pessoal \u00e9 tratada e protegida com toda a dilig\u00eancia, e sempre nos termos da lei aplic\u00e1vel, nomeadamente o Regulamento UE 2016\/679, Regulamento Geral sobre a Prote\u00e7\u00e3o de Dados (doravante RGPD).<\/p><p>Esta Pol\u00edtica de Privacidade define o tratamento de qualquer informa\u00e7\u00e3o pessoal que \u00e9 facultada quando utiliza o website da Loja Online da MOLDURARIA e da informa\u00e7\u00e3o processada enquanto utilizador do website da Loja Online da MOLDURARIA.<\/p>\t\t\t\t\t\t\t\t<\/div>\n\t\t\t\t<\/div>\n\t\t\t\t<div class=\"elementor-element elementor-element-8442b47 justifyText elementor-widget elementor-widget-text-editor\" data-id=\"8442b47\" data-element_type=\"widget\" data-widget_type=\"text-editor.default\">\n\t\t\t\t<div class=\"elementor-widget-container\">\n\t\t\t\t\t\t\t\t\t<p><strong>O QUE ABRANGE ESTA POL\u00cdTICA DE PROTE\u00c7\u00c3O DE DADOS?<\/strong><\/p><p>Esta Pol\u00edtica de Prote\u00e7\u00e3o de Dados aplica-se exclusivamente \u00e0 recolha e tratamento de dados pessoais relativamente aos quais a MOLDURARIA \u00e9 respons\u00e1vel pelo respetivo tratamento, no \u00e2mbito dos produtos disponibilizados aos seus Clientes\/Utilizadores.<\/p><p>Na Loja Online MOLDURARIA poder\u00e3o estar inclu\u00eddos links de acesso a outros websites que s\u00e3o alheios \u00e0 MOLDURARIA. A disponibiliza\u00e7\u00e3o de tais links \u00e9 efetuada de boa-f\u00e9, n\u00e3o podendo a MOLDURARIA ser responsabilizada pela recolha e tratamento de dados pessoais efetuados atrav\u00e9s desses websites, nem assumindo a MOLDURARIA qualquer responsabilidade relativamente a tais websites, nomeadamente quanto \u00e0 respetiva exatid\u00e3o, credibilidade e funcionalidades disponibilizadas nos mesmos.<\/p>\t\t\t\t\t\t\t\t<\/div>\n\t\t\t\t<\/div>\n\t\t\t\t<div class=\"elementor-element elementor-element-aafda64 justifyText elementor-widget elementor-widget-text-editor\" data-id=\"aafda64\" data-element_type=\"widget\" data-widget_type=\"text-editor.default\">\n\t\t\t\t<div class=\"elementor-widget-container\">\n\t\t\t\t\t\t\t\t\t<p><strong>O QUE S\u00c3O DADOS PESSOAIS E PARA QUE FINS S\u00c3O UTILIZADOS?<\/strong><\/p><p>Dados pessoais s\u00e3o qualquer informa\u00e7\u00e3o relativa a uma pessoa singular identificada ou identific\u00e1vel.<\/p><p>O titular dos dados dever\u00e1 declarar expressamente que autoriza a recolha ou atualiza\u00e7\u00e3o dos seus dados de contacto (nome completo, email, morada, morada de entrega, morada de fatura\u00e7\u00e3o, contacto telef\u00f3nico), para integra\u00e7\u00e3o nos ficheiros da MOLDURARIA com a finalidade o envio de campanhas, promo\u00e7\u00f5es, publicidade e not\u00edcias sobre produtos e gest\u00e3o das encomendas efetuadas no website da MOLDURARIA.<\/p><p>Os dados pessoais recolhidos s\u00e3o indispens\u00e1veis para o envio dos produtos adquiridos na loja online e, em caso de falta ou insufici\u00eancia dos mesmos, a MOLDURARIA n\u00e3o poder\u00e1 disponibilizar o produto em causa.<\/p><p>O consentimento expresso dever\u00e1 ser efetuado quando realizar o Registo de utilizador na Loja Online e ap\u00f3s receber o email no website da MOLDURARIA,<\/p>\t\t\t\t\t\t\t\t<\/div>\n\t\t\t\t<\/div>\n\t\t\t\t<div class=\"elementor-element elementor-element-648d489 justifyText elementor-widget elementor-widget-text-editor\" data-id=\"648d489\" data-element_type=\"widget\" data-widget_type=\"text-editor.default\">\n\t\t\t\t<div class=\"elementor-widget-container\">\n\t\t\t\t\t\t\t\t\t<p><strong>QUEM \u00c9 O RESPONS\u00c1VEL PELO TRATAMENTO DE DADOS?<\/strong><\/p><p>A entidade respons\u00e1vel pelo tratamento dos dados pessoais \u00e9 a Empresa Duarte Nuno Raimundo, Unipessoal, Lda, propriet\u00e1ria da Loja Online da MOLDURARIA que determina as finalidades e os meios de tratamento dos mesmos.<\/p><p>Para este efeito, caso o titular dos dados pessoais necessite de entrar em contacto com o respons\u00e1vel pelo tratamento de dados, poder\u00e1 faz\u00ea-lo atrav\u00e9s dos contactos abaixo indicados:<\/p><ul><li><a href=\"mailto:loja@molduraria.pt\">loja@molduraria.pt<\/a><\/li><li>Tel: 217780590<\/li><\/ul>\t\t\t\t\t\t\t\t<\/div>\n\t\t\t\t<\/div>\n\t\t\t\t<div class=\"elementor-element elementor-element-29f303c justifyText elementor-widget elementor-widget-text-editor\" data-id=\"29f303c\" data-element_type=\"widget\" data-widget_type=\"text-editor.default\">\n\t\t\t\t<div class=\"elementor-widget-container\">\n\t\t\t\t\t\t\t\t\t<p><strong>COMO RECOLHEMOS OS SEUS DADOS PESSOAIS?<\/strong><\/p><p>Os dados pessoais recolhidos podem ser tratados informaticamente e de forma automatizada ou n\u00e3o automatizada, garantindo em todos os casos o estrito cumprimento da legisla\u00e7\u00e3o de prote\u00e7\u00e3o de dados pessoais, sendo armazenados em bases de dados espec\u00edficas, criadas para o efeito e, em situa\u00e7\u00e3o alguma, os dados recolhidos ser\u00e3o utilizados para outra finalidade que n\u00e3o seja aquela para a qual foram recolhidos ou dado o consentimento por parte do titular dos dados.<\/p>\t\t\t\t\t\t\t\t<\/div>\n\t\t\t\t<\/div>\n\t\t\t\t<div class=\"elementor-element elementor-element-b25db1f justifyText elementor-widget elementor-widget-text-editor\" data-id=\"b25db1f\" data-element_type=\"widget\" data-widget_type=\"text-editor.default\">\n\t\t\t\t<div class=\"elementor-widget-container\">\n\t\t\t\t\t\t\t\t\t<p><strong>POR QUANTO TEMPO CONSERVAMOS OS SEUS DADOS PESSOAIS?<\/strong><\/p><p>Os dados pessoais s\u00e3o armazenados e conservados apenas pelo per\u00edodo m\u00ednimo necess\u00e1rio para a prossecu\u00e7\u00e3o das finalidades que motivaram a sua recolha ou o seu posterior tratamento, nos termos definidos na lei.<\/p>\t\t\t\t\t\t\t\t<\/div>\n\t\t\t\t<\/div>\n\t\t\t\t<div class=\"elementor-element elementor-element-27c6ed7 justifyText elementor-widget elementor-widget-text-editor\" data-id=\"27c6ed7\" data-element_type=\"widget\" data-widget_type=\"text-editor.default\">\n\t\t\t\t<div class=\"elementor-widget-container\">\n\t\t\t\t\t\t\t\t\t<p><strong>QUAIS S\u00c3O OS SEUS DIREITOS ENQUANTO TITULAR?<\/strong><\/p><p>Enquanto titulares dos dados pessoais, \u00e9 garantido aos Clientes\/Utilizadores, a qualquer momento, o direito de acesso, retifica\u00e7\u00e3o, atualiza\u00e7\u00e3o, limita\u00e7\u00e3o e elimina\u00e7\u00e3o dos seus dados pessoais.\u00a0<\/p><p>Sem preju\u00edzo do disposto no RGPD, o titular dos dados pessoais poder\u00e1 faz\u00ea-lo mediante pedido por escrito, dirigido ao respetivo Respons\u00e1vel pelo tratamento, atrav\u00e9s dos contactos disponibilizados para o efeito no presente documento.<\/p>\t\t\t\t\t\t\t\t<\/div>\n\t\t\t\t<\/div>\n\t\t\t\t<div class=\"elementor-element elementor-element-6fcb55f justifyText elementor-widget elementor-widget-text-editor\" data-id=\"6fcb55f\" data-element_type=\"widget\" data-widget_type=\"text-editor.default\">\n\t\t\t\t<div class=\"elementor-widget-container\">\n\t\t\t\t\t\t\t\t\t<p><strong>EM QUE CIRCUNST\u00c2NCIAS EXISTE COMUNICA\u00c7\u00c3O DE DADOS A OUTRAS ENTIDADES (TERCEIROS E SUBCONTRATADOS)?<\/strong><\/p><p>A Loja Online da MOLDURARIA pode comunicar a subcontratantes dados pessoais dos Utilizadores\/Clientes, sendo sempre a respons\u00e1vel pelo seu processamento. Mais uma vez, salientamos que as entidades subcontratadas pela Loja Online da MOLDURARIA s\u00e3o da nossa inteira confian\u00e7a, oferecendo garantias quanto \u00e0 salvaguarda dos seus dados.<\/p><p>A Loja Online da MOLDURARIA, no \u00e2mbito da sua atividade, poder\u00e1 recorrer a terceiros para a presta\u00e7\u00e3o de determinados servi\u00e7os, como por exemplo servi\u00e7o de entrega\/transporte. Por vezes, a presta\u00e7\u00e3o destes servi\u00e7os implica o acesso, por estas entidades, a dados pessoais dos nossos utilizadores. Quando tal sucede, a Loja Online da MOLDURARIA toma as medidas adequadas, de forma a assegurar que as entidades que tenham acesso aos dados s\u00e3o reputadas e oferecem as mais elevadas garantias a este n\u00edvel, o que ficar\u00e1 devidamente consagrado e acautelado em contrato a assinar entre a Loja Online da MOLDURARIA e a(s) terceira(s) entidade(s).<\/p><p>Assim, qualquer entidade subcontratada pela Loja Online da MOLDURARIA tratar\u00e1 os dados pessoais dos nossos Clientes, em nome e por conta da Loja Online da MOLDURARIA, na obriga\u00e7\u00e3o de adotar as medidas t\u00e9cnicas e organizativas necess\u00e1rias de forma a proteger os dados pessoais contra a destrui\u00e7\u00e3o, acidental ou il\u00edcita, a perda acidental, a altera\u00e7\u00e3o, a difus\u00e3o ou o acesso n\u00e3o autorizado e contra qualquer outra forma de tratamento il\u00edcito.<\/p><p>Em qualquer dos casos, a Loja Online da MOLDURARIA, permanece respons\u00e1vel pelos dados pessoais que nos disponibilize.<\/p>\t\t\t\t\t\t\t\t<\/div>\n\t\t\t\t<\/div>\n\t\t\t\t<div class=\"elementor-element elementor-element-f47c837 justifyText elementor-widget elementor-widget-text-editor\" data-id=\"f47c837\" data-element_type=\"widget\" data-widget_type=\"text-editor.default\">\n\t\t\t\t<div class=\"elementor-widget-container\">\n\t\t\t\t\t\t\t\t\t<p><strong>A QUEM SE APLICA ESTA POL\u00cdTICA<\/strong><\/p><p>A nossa pol\u00edtica de privacidade aplica-se a todos os nossos colaboradores, clientes, potenciais clientes visitantes do website e a todos os servi\u00e7os prestados por n\u00f3s.<\/p>\t\t\t\t\t\t\t\t<\/div>\n\t\t\t\t<\/div>\n\t\t\t\t<div class=\"elementor-element elementor-element-6485cdf justifyText elementor-widget elementor-widget-text-editor\" data-id=\"6485cdf\" data-element_type=\"widget\" data-widget_type=\"text-editor.default\">\n\t\t\t\t<div class=\"elementor-widget-container\">\n\t\t\t\t\t\t\t\t\t<p><strong>REVIS\u00c3O DOS TERMOS DA POL\u00cdTICA DE PRIVACIDADE<\/strong><\/p><p>Ao utilizar o website da Loja Online da MOLDURARIA concorda com a recolha e utiliza\u00e7\u00e3o das suas informa\u00e7\u00f5es nos termos e de acordo com as condi\u00e7\u00f5es estabelecidas nesta Pol\u00edtica de Privacidade. A Loja Online da MOLDURARIA poder\u00e1, a todo o momento e sem aviso pr\u00e9vio, alterar as presentes condi\u00e7\u00f5es, sendo as mesmas modifica\u00e7\u00f5es publicadas no website da Loja Online da MOLDURARIA.<\/p><p>Ao submeter, caso queria, o seu pedido de esclarecimento quanto \u00e0 Pol\u00edtica de Privacidade poder\u00e1 remeter as suas quest\u00f5es para o endere\u00e7o de loja@molduraria.pt. Ao fazer o seu registo na Loja Online MOLDURARIA, o Utilizador\/Cliente d\u00e1 o seu consentimento expresso, livre e esclarecido, para que os seus dados pessoais sejam recolhidos e tratados, para os fins e nos termos e condi\u00e7\u00f5es suprarreferidos, mais declarando que todas as informa\u00e7\u00f5es fornecidas n\u00e3o cont\u00eam qualquer omiss\u00e3o e correspondem \u00e0 verdade.<\/p>\t\t\t\t\t\t\t\t<\/div>\n\t\t\t\t<\/div>\n\t\t\t\t<div class=\"elementor-element elementor-element-5979bcc elementor-widget elementor-widget-heading\" data-id=\"5979bcc\" data-element_type=\"widget\" data-widget_type=\"heading.default\">\n\t\t\t\t<div class=\"elementor-widget-container\">\n\t\t\t\t\t<h2 class=\"elementor-heading-title elementor-size-default\">COOKIES<\/h2>\t\t\t\t<\/div>\n\t\t\t\t<\/div>\n\t\t\t\t<div class=\"elementor-element elementor-element-8fe7668 justifyText elementor-widget elementor-widget-text-editor\" data-id=\"8fe7668\" data-element_type=\"widget\" data-widget_type=\"text-editor.default\">\n\t\t\t\t<div class=\"elementor-widget-container\">\n\t\t\t\t\t\t\t\t\t<p><strong>O QUE S\u00c3O COOKIES?<\/strong><\/p><p>Cookies s\u00e3o pequenos ficheiros de texto que o Site coloca no seu computador, smartphone ou tablet, ao aceder. Estes ficheiros recolhem um conjunto de informa\u00e7\u00f5es sobre a sua navega\u00e7\u00e3o no site, e s\u00e3o usadas para reconhecer utilizadores em visitas futuras e garantir o correto desempenho das funcionalidades. Os cookies s\u00e3o utilizados para facilitar a sua experi\u00eancia de utiliza\u00e7\u00e3o e torn\u00e1-la mais simples, e n\u00e3o danificam o seu computador.<\/p>\t\t\t\t\t\t\t\t<\/div>\n\t\t\t\t<\/div>\n\t\t\t\t<div class=\"elementor-element elementor-element-63d7ba1 justifyText elementor-widget elementor-widget-text-editor\" data-id=\"63d7ba1\" data-element_type=\"widget\" data-widget_type=\"text-editor.default\">\n\t\t\t\t<div class=\"elementor-widget-container\">\n\t\t\t\t\t\t\t\t\t<p><strong>PARA QUE SE UTILIZAM OS COOKIES?<\/strong><\/p><p>A informa\u00e7\u00e3o recolhida pelos cookies traduz-se por estimativas num\u00e9ricas, padr\u00f5es de utiliza\u00e7\u00e3o e a adapta\u00e7\u00e3o do site aos interesses dos nossos utilizadores. Esta informa\u00e7\u00e3o tem como \u00fanica finalidade melhorar o desempenho t\u00e9cnico do Site e a sua experi\u00eancia de utiliza\u00e7\u00e3o.<\/p>\t\t\t\t\t\t\t\t<\/div>\n\t\t\t\t<\/div>\n\t\t\t\t<div class=\"elementor-element elementor-element-74b233c justifyText elementor-widget elementor-widget-text-editor\" data-id=\"74b233c\" data-element_type=\"widget\" data-widget_type=\"text-editor.default\">\n\t\t\t\t<div class=\"elementor-widget-container\">\n\t\t\t\t\t\t\t\t\t<p><strong>QUEM TEM ACESSO \u00c0 INFORMA\u00c7\u00c3O ARMAZENADA NOS COOKIES?<\/strong><\/p><p>A informa\u00e7\u00e3o armazenada nos cookies \u00e9 utilizada exclusivamente por n\u00f3s, atrav\u00e9s do servi\u00e7o Google Analytics, e tem objectivos exclusivamente estat\u00edsticos.<\/p>\t\t\t\t\t\t\t\t<\/div>\n\t\t\t\t<\/div>\n\t\t\t\t<div class=\"elementor-element elementor-element-39d80a3 justifyText elementor-widget elementor-widget-text-editor\" data-id=\"39d80a3\" data-element_type=\"widget\" data-widget_type=\"text-editor.default\">\n\t\t\t\t<div class=\"elementor-widget-container\">\n\t\t\t\t\t\t\t\t\t<p><strong>\u00c9 POSS\u00cdVEL DESACTIVAR A UTILIZA\u00c7\u00c3O DE COOKIES?<\/strong><\/p><p>Sim, os cookies podem ser desactivados no seu browser. No entanto, ao realizar esta ac\u00e7\u00e3o, deixa de contribuir para a melhoria cont\u00ednua que pretendemos oferecer sempre aos nossos clientes. Para bloquear ou apagar os cookies, pode faz\u00ea-lo modificando a configura\u00e7\u00e3o do seu browser no menu \u201cPrefer\u00eancias\u201d ou \u201cFerramentas\u201d. Para mais detalhes sobre a configura\u00e7\u00e3o dos cookies, consulte o menu \u201cAjuda\u201d do seu browser.<\/p>\t\t\t\t\t\t\t\t<\/div>\n\t\t\t\t<\/div>\n\t\t\t\t<div class=\"elementor-element elementor-element-b7cad20 justifyText elementor-widget elementor-widget-text-editor\" data-id=\"b7cad20\" data-element_type=\"widget\" data-widget_type=\"text-editor.default\">\n\t\t\t\t<div class=\"elementor-widget-container\">\n\t\t\t\t\t\t\t\t\t<p><strong>ESTE SITE UTILIZA COOKIES PARA OUTRAS FINALIDADES?<\/strong><\/p><p>N\u00e3o. Os cookies utilizados n\u00e3o armazenam qualquer informa\u00e7\u00e3o pessoal dos utilizadores, considerada sens\u00edvel. Da mesma forma, tamb\u00e9m n\u00e3o utilizamos cookies para encaminhar publicidade aos nossos utilizadores, seja para fins publicit\u00e1rios pr\u00f3prios ou de terceiros.<\/p>\t\t\t\t\t\t\t\t<\/div>\n\t\t\t\t<\/div>\n\t\t\t\t\t<\/div>\n\t\t<\/div>\n\t\t\t\t\t<\/div>\n\t\t<\/section>\n\t\t\t\t\t<\/div>\n\t\t<\/div>\n\t\t\t\t\t<\/div>\n\t\t<\/section>\n\t\t\t\t<\/div>","protected":false},"excerpt":{"rendered":"<p>POL\u00cdTICA DE PRIVACIDADE A Loja Online MOLDURARIA ou simplesmente designada MOLDURARIA est\u00e1 empenhada em proteger os dados pessoais dos Clientes\/Utilizadores, tendo, neste contexto, elaborado a presente Pol\u00edtica, a qual tem subjacente o seu compromisso em respeitar a privacidade dos seus utilizadores\/clientes e informar como a sua informa\u00e7\u00e3o \u00e9 tratada. Consequentemente, toda a informa\u00e7\u00e3o de natureza [&hellip;]<\/p>","protected":false},"author":1,"featured_media":0,"parent":0,"menu_order":0,"comment_status":"closed","ping_status":"closed","template":"elementor_header_footer","meta":{"_themeisle_gutenberg_block_has_review":false,"footnotes":"","_links_to":"","_links_to_target":""},"class_list":["post-883","page","type-page","status-publish","hentry"],"_links":{"self":[{"href":"https:\/\/molduraria.pt\/en\/wp-json\/wp\/v2\/pages\/883","targetHints":{"allow":["GET"]}}],"collection":[{"href":"https:\/\/molduraria.pt\/en\/wp-json\/wp\/v2\/pages"}],"about":[{"href":"https:\/\/molduraria.pt\/en\/wp-json\/wp\/v2\/types\/page"}],"author":[{"embeddable":true,"href":"https:\/\/molduraria.pt\/en\/wp-json\/wp\/v2\/users\/1"}],"replies":[{"embeddable":true,"href":"https:\/\/molduraria.pt\/en\/wp-json\/wp\/v2\/comments?post=883"}],"version-history":[{"count":28,"href":"https:\/\/molduraria.pt\/en\/wp-json\/wp\/v2\/pages\/883\/revisions"}],"predecessor-version":[{"id":1169,"href":"https:\/\/molduraria.pt\/en\/wp-json\/wp\/v2\/pages\/883\/revisions\/1169"}],"wp:attachment":[{"href":"https:\/\/molduraria.pt\/en\/wp-json\/wp\/v2\/media?parent=883"}],"curies":[{"name":"wp","href":"https:\/\/api.w.org\/{rel}","templated":true}]}}