{"id":900,"date":"2023-05-16T17:55:55","date_gmt":"2023-05-16T16:55:55","guid":{"rendered":"https:\/\/molduraria.pt\/?page_id=900"},"modified":"2023-05-16T18:20:17","modified_gmt":"2023-05-16T17:20:17","slug":"quem-somos","status":"publish","type":"page","link":"https:\/\/molduraria.pt\/en\/quem-somos\/","title":{"rendered":"Who we are"},"content":{"rendered":"<div data-elementor-type=\"wp-page\" data-elementor-id=\"900\" class=\"elementor elementor-900\" data-elementor-post-type=\"page\">\n\t\t\t\t\t\t<section class=\"elementor-section elementor-top-section elementor-element elementor-element-1d68874 elementor-section-height-full elementor-section-items-top elementor-section-boxed elementor-section-height-default\" data-id=\"1d68874\" data-element_type=\"section\">\n\t\t\t\t\t\t<div class=\"elementor-container elementor-column-gap-default\">\n\t\t\t\t\t<div class=\"elementor-column elementor-col-100 elementor-top-column elementor-element elementor-element-7033611\" data-id=\"7033611\" data-element_type=\"column\">\n\t\t\t<div class=\"elementor-widget-wrap elementor-element-populated\">\n\t\t\t\t\t\t<section class=\"elementor-section elementor-inner-section elementor-element elementor-element-842ccdd elementor-section-boxed elementor-section-height-default elementor-section-height-default\" data-id=\"842ccdd\" data-element_type=\"section\">\n\t\t\t\t\t\t<div class=\"elementor-container elementor-column-gap-default\">\n\t\t\t\t\t<div class=\"elementor-column elementor-col-100 elementor-inner-column elementor-element elementor-element-6542492\" data-id=\"6542492\" data-element_type=\"column\">\n\t\t\t<div class=\"elementor-widget-wrap elementor-element-populated\">\n\t\t\t\t\t\t<div class=\"elementor-element elementor-element-eb96a81 elementor-widget elementor-widget-heading\" data-id=\"eb96a81\" data-element_type=\"widget\" data-widget_type=\"heading.default\">\n\t\t\t\t<div class=\"elementor-widget-container\">\n\t\t\t\t\t<h2 class=\"elementor-heading-title elementor-size-default\">QUEM SOMOS<\/h2>\t\t\t\t<\/div>\n\t\t\t\t<\/div>\n\t\t\t\t<div class=\"elementor-element elementor-element-07a1691 elementor-widget elementor-widget-text-editor\" data-id=\"07a1691\" data-element_type=\"widget\" data-widget_type=\"text-editor.default\">\n\t\t\t\t<div class=\"elementor-widget-container\">\n\t\t\t\t\t\t\t\t\t<p>A Loja Online \u201cMOLDURARIA\u201d \u00e9 propriedade da sociedade comercial por quotas \u201cDUARTE NUNO RAIMUNDO, UNIPESSOAL, LDA, com sede na Rua Conde de Almoster n\u00ba68 2\u00badrt 1500-196 Lisboa, freguesia de S\u00e3o Domingos de Benfica, concelho de Lisboa, registada sob o n\u00famero \u00fanico de matr\u00edcula e de identifica\u00e7\u00e3o de pessoa coletiva n\u00ba 514\u00a0625 058, com o capital social de \u20ac 5.000,00 e possui os seguintes contactos:<\/p><ul><li>Morada da sede: Rua Conde de Almoster n\u00ba68 2\u00badrt &#8211; 1500-196 Lisboa;<\/li><li>Morada da loja f\u00edsica: Rua Sousa Loureiro n\u00ba9C \u2013 1500-586 Lisboa:<\/li><li>Telefone: +351\u00a0217\u00a0780 590 (chamada para a rede fixa nacional)<\/li><li>Mail: loja@molduraria.pt<\/li><\/ul>\t\t\t\t\t\t\t\t<\/div>\n\t\t\t\t<\/div>\n\t\t\t\t\t<\/div>\n\t\t<\/div>\n\t\t\t\t\t<\/div>\n\t\t<\/section>\n\t\t\t\t\t<\/div>\n\t\t<\/div>\n\t\t\t\t\t<\/div>\n\t\t<\/section>\n\t\t\t\t<\/div>","protected":false},"excerpt":{"rendered":"<p>QUEM SOMOS A Loja Online \u201cMOLDURARIA\u201d \u00e9 propriedade da sociedade comercial por quotas \u201cDUARTE NUNO RAIMUNDO, UNIPESSOAL, LDA, com sede na Rua Conde de Almoster n\u00ba68 2\u00badrt 1500-196 Lisboa, freguesia de S\u00e3o Domingos de Benfica, concelho de Lisboa, registada sob o n\u00famero \u00fanico de matr\u00edcula e de identifica\u00e7\u00e3o de pessoa coletiva n\u00ba 514\u00a0625 058, com [&hellip;]<\/p>","protected":false},"author":1,"featured_media":0,"parent":0,"menu_order":0,"comment_status":"closed","ping_status":"closed","template":"elementor_header_footer","meta":{"_themeisle_gutenberg_block_has_review":false,"footnotes":"","_links_to":"","_links_to_target":""},"class_list":["post-900","page","type-page","status-publish","hentry"],"_links":{"self":[{"href":"https:\/\/molduraria.pt\/en\/wp-json\/wp\/v2\/pages\/900","targetHints":{"allow":["GET"]}}],"collection":[{"href":"https:\/\/molduraria.pt\/en\/wp-json\/wp\/v2\/pages"}],"about":[{"href":"https:\/\/molduraria.pt\/en\/wp-json\/wp\/v2\/types\/page"}],"author":[{"embeddable":true,"href":"https:\/\/molduraria.pt\/en\/wp-json\/wp\/v2\/users\/1"}],"replies":[{"embeddable":true,"href":"https:\/\/molduraria.pt\/en\/wp-json\/wp\/v2\/comments?post=900"}],"version-history":[{"count":7,"href":"https:\/\/molduraria.pt\/en\/wp-json\/wp\/v2\/pages\/900\/revisions"}],"predecessor-version":[{"id":915,"href":"https:\/\/molduraria.pt\/en\/wp-json\/wp\/v2\/pages\/900\/revisions\/915"}],"wp:attachment":[{"href":"https:\/\/molduraria.pt\/en\/wp-json\/wp\/v2\/media?parent=900"}],"curies":[{"name":"wp","href":"https:\/\/api.w.org\/{rel}","templated":true}]}}